{"id":8723,"date":"2025-04-02T15:14:14","date_gmt":"2025-04-02T15:14:14","guid":{"rendered":"https:\/\/rose.risca.pt\/terms-and-conditions\/"},"modified":"2025-09-15T11:57:54","modified_gmt":"2025-09-15T11:57:54","slug":"terms-and-conditions","status":"publish","type":"page","link":"https:\/\/mynameisrose.com\/en\/terms-and-conditions\/","title":{"rendered":"Terms and Conditions"},"content":{"rendered":"\t\t<div data-elementor-type=\"wp-page\" data-elementor-id=\"8723\" class=\"elementor elementor-8723 elementor-7297\" data-elementor-post-type=\"page\">\n\t\t\t\t<div class=\"elementor-element elementor-element-6920426 e-flex e-con-boxed e-con e-parent\" data-id=\"6920426\" data-element_type=\"container\">\n\t\t\t\t\t<div class=\"e-con-inner\">\n\t\t\t\t<div class=\"elementor-element elementor-element-6e6e2ca elementor-widget elementor-widget-heading\" data-id=\"6e6e2ca\" data-element_type=\"widget\" data-widget_type=\"heading.default\">\n\t\t\t\t<div class=\"elementor-widget-container\">\n\t\t\t\t\t<h2 class=\"elementor-heading-title elementor-size-default\">Terms and Conditions\n<\/h2>\t\t\t\t<\/div>\n\t\t\t\t<\/div>\n\t\t\t\t<div class=\"elementor-element elementor-element-bf5a917 elementor-widget elementor-widget-text-editor\" data-id=\"bf5a917\" data-element_type=\"widget\" data-widget_type=\"text-editor.default\">\n\t\t\t\t<div class=\"elementor-widget-container\">\n\t\t\t\t\t\t\t\t\t<p>These General Terms and Conditions are intended to regulate the terms and conditions by which the <strong>My Name Is Rose<\/strong> store, a legal person with NIF\/NIPC <strong>PT516802003<\/strong>, with registered office at Rua Beira Mar, n\u00ba 3057, 2\u00ba Dirt, 4400-382 Vila Nova de Gaia (hereinafter <strong>&#8220;My Name Is Rose, Lda&#8221;<\/strong>) shall be governed.<\/p><p>The<strong> My Name Is Rose<\/strong> service consists of making available and supplying a set of products and\/or services, in order to allow the user, who is attributed the status of customer, to order and purchase the products presented online.<\/p><p>Using <strong>My Name Is Rose<\/strong> implies full acceptance and agreement with all the parameters of the Terms and Conditions described, as well as the Privacy Policy in force at the time you access <strong>My Name Is Rose<\/strong>.<\/p><p>If you do not accept, in whole or in part, any of the conditions stipulated, you must not make any purchases from<strong> My Name Is Rose<\/strong>. If you access<strong> My Name Is Rose<\/strong>, you are committing and taking responsibility for respecting the conditions set out on this page and in the Privacy Policy. <\/p><p><strong>My Name Is Rose<\/strong> reserves the right to update and change the Terms and Conditions without prior notice. It is advisable to check the Terms and Conditions periodically for any changes or updates. <\/p>\t\t\t\t\t\t\t\t<\/div>\n\t\t\t\t<\/div>\n\t\t\t\t<div class=\"elementor-element elementor-element-86ca26a elementor-widget elementor-widget-heading\" data-id=\"86ca26a\" data-element_type=\"widget\" data-widget_type=\"heading.default\">\n\t\t\t\t<div class=\"elementor-widget-container\">\n\t\t\t\t\t<h2 class=\"elementor-heading-title elementor-size-default\">Product information and prices\n<\/h2>\t\t\t\t<\/div>\n\t\t\t\t<\/div>\n\t\t\t\t<div class=\"elementor-element elementor-element-ea40ada elementor-widget elementor-widget-text-editor\" data-id=\"ea40ada\" data-element_type=\"widget\" data-widget_type=\"text-editor.default\">\n\t\t\t\t<div class=\"elementor-widget-container\">\n\t\t\t\t\t\t\t\t\t<div> <strong>My Name Is Rose<\/strong> informs customers of the characteristics, descriptions, images or videos of each product and\/or service on each page provided. <strong>My Name Is Rose<\/strong> undertakes to make its products and\/or services available clearly and to correct any errors that may occur as soon as possible. <\/div><p><strong>My Name Is Rose<\/strong> concisely presents the prices of each product and\/or service, including VAT rates, shipping costs applied to each order and any other additional costs that may apply.<\/p><p>Information about products, prices, content, images, videos, promotional campaigns and services may be updated and changed by <strong>My Name Is Rose<\/strong> at any time.<\/p>\t\t\t\t\t\t\t\t<\/div>\n\t\t\t\t<\/div>\n\t\t\t\t<div class=\"elementor-element elementor-element-8e217e9 elementor-widget elementor-widget-heading\" data-id=\"8e217e9\" data-element_type=\"widget\" data-widget_type=\"heading.default\">\n\t\t\t\t<div class=\"elementor-widget-container\">\n\t\t\t\t\t<h2 class=\"elementor-heading-title elementor-size-default\">Intellectual property\n<\/h2>\t\t\t\t<\/div>\n\t\t\t\t<\/div>\n\t\t\t\t<div class=\"elementor-element elementor-element-f2c23dd elementor-widget elementor-widget-text-editor\" data-id=\"f2c23dd\" data-element_type=\"widget\" data-widget_type=\"text-editor.default\">\n\t\t\t\t<div class=\"elementor-widget-container\">\n\t\t\t\t\t\t\t\t\t<p><strong>My Name Is Rose<\/strong> is a registered online store and the service provided is the responsibility of <strong>My Name Is Rose Lda.<\/strong><\/p><p>The content, domain, information present and made available on <strong>My Name<\/strong> <strong>Is<\/strong> <strong>Rose<\/strong> are the property of <strong>My Name Is Rose Lda<\/strong> or have been granted to it, and are therefore protected by copyright and related rights. Any use, reproduction, copying or dissemination of visual, audiovisual or written content is subject to prior approval by <strong>My Name Is Rose<\/strong>. <\/p><p>The customer undertakes to fully respect the aforementioned conditions and rights, as well as to refrain from acts that may go against the law and rights such as copyright, related rights, among other legislation applicable to the use of images, videos, content, etc. without the express approval of <strong>My Name Is Rose<\/strong>. <strong>My Name Is Rose<\/strong> cannot be held responsible for any misuse of such products. <\/p>\t\t\t\t\t\t\t\t<\/div>\n\t\t\t\t<\/div>\n\t\t\t\t<div class=\"elementor-element elementor-element-5640d59 elementor-widget elementor-widget-heading\" data-id=\"5640d59\" data-element_type=\"widget\" data-widget_type=\"heading.default\">\n\t\t\t\t<div class=\"elementor-widget-container\">\n\t\t\t\t\t<h2 class=\"elementor-heading-title elementor-size-default\">Payment methods\n<\/h2>\t\t\t\t<\/div>\n\t\t\t\t<\/div>\n\t\t\t\t<div class=\"elementor-element elementor-element-5a57e6f elementor-widget elementor-widget-text-editor\" data-id=\"5a57e6f\" data-element_type=\"widget\" data-widget_type=\"text-editor.default\">\n\t\t\t\t<div class=\"elementor-widget-container\">\n\t\t\t\t\t\t\t\t\t<p>My Name Is Rose offers the following payment methods:<\/p><ul><li>Credit and debit cards<\/li><li>ATM reference<\/li><li>MB WAY<\/li><li>Paypal<\/li><\/ul><p>Once payment has been completed, <strong>My Name Is Rose<\/strong> will carry out a standard check so that the order can be processed and shipped. The customer will receive an e-mail confirming that the order has been paid for, as well as the corresponding invoice. <\/p>\t\t\t\t\t\t\t\t<\/div>\n\t\t\t\t<\/div>\n\t\t\t\t<div class=\"elementor-element elementor-element-8a0f6e3 elementor-widget elementor-widget-heading\" data-id=\"8a0f6e3\" data-element_type=\"widget\" data-widget_type=\"heading.default\">\n\t\t\t\t<div class=\"elementor-widget-container\">\n\t\t\t\t\t<h2 class=\"elementor-heading-title elementor-size-default\">Conditions of purchase at MY NAME IS ROSE\n<\/h2>\t\t\t\t<\/div>\n\t\t\t\t<\/div>\n\t\t\t\t<div class=\"elementor-element elementor-element-0725983 elementor-widget elementor-widget-heading\" data-id=\"0725983\" data-element_type=\"widget\" data-widget_type=\"heading.default\">\n\t\t\t\t<div class=\"elementor-widget-container\">\n\t\t\t\t\t<h2 class=\"elementor-heading-title elementor-size-default\">Product availability\n<\/h2>\t\t\t\t<\/div>\n\t\t\t\t<\/div>\n\t\t\t\t<div class=\"elementor-element elementor-element-460780c elementor-widget elementor-widget-text-editor\" data-id=\"460780c\" data-element_type=\"widget\" data-widget_type=\"text-editor.default\">\n\t\t\t\t<div class=\"elementor-widget-container\">\n\t\t\t\t\t\t\t\t\t<p>All products and\/or services available at<strong> My Name Is Rose<\/strong> can be purchased, except in cases of stock shortages or limitations, as well as products made to order, the availability of which may vary. Products may become unavailable without prior notice, but in these circumstances they will be duly identified on <strong>My Name Is Rose.<\/strong>  <br><br>If the product is no longer available after the purchase has been completed,<strong> My Name Is Rose<\/strong> undertakes to contact the customer by telephone or e-mail as soon as possible in order to speed up the process. <br><br><\/p>\t\t\t\t\t\t\t\t<\/div>\n\t\t\t\t<\/div>\n\t\t\t\t<div class=\"elementor-element elementor-element-9429b70 elementor-widget elementor-widget-heading\" data-id=\"9429b70\" data-element_type=\"widget\" data-widget_type=\"heading.default\">\n\t\t\t\t<div class=\"elementor-widget-container\">\n\t\t\t\t\t<h2 class=\"elementor-heading-title elementor-size-default\">Fees and taxes\n<\/h2>\t\t\t\t<\/div>\n\t\t\t\t<\/div>\n\t\t\t\t<div class=\"elementor-element elementor-element-b0104f7 elementor-widget elementor-widget-text-editor\" data-id=\"b0104f7\" data-element_type=\"widget\" data-widget_type=\"text-editor.default\">\n\t\t\t\t<div class=\"elementor-widget-container\">\n\t\t\t\t\t\t\t\t\t<p>At <strong>My Name Is Rose<\/strong>, the prices shown are in EURO, with VAT and taxes applied in accordance with the law in force, which are already included in the price shown.<\/p>\t\t\t\t\t\t\t\t<\/div>\n\t\t\t\t<\/div>\n\t\t\t\t<div class=\"elementor-element elementor-element-9889e49 elementor-widget elementor-widget-heading\" data-id=\"9889e49\" data-element_type=\"widget\" data-widget_type=\"heading.default\">\n\t\t\t\t<div class=\"elementor-widget-container\">\n\t\t\t\t\t<h2 class=\"elementor-heading-title elementor-size-default\">Cancellation of order\n<\/h2>\t\t\t\t<\/div>\n\t\t\t\t<\/div>\n\t\t\t\t<div class=\"elementor-element elementor-element-46741e7 elementor-widget elementor-widget-text-editor\" data-id=\"46741e7\" data-element_type=\"widget\" data-widget_type=\"text-editor.default\">\n\t\t\t\t<div class=\"elementor-widget-container\">\n\t\t\t\t\t\t\t\t\t<p>The customer may cancel an order while it is still being processed. Please inform <strong>My Name Is Rose<\/strong> via the following e-mail address: hello@mynameisrose.com. <\/p><p>If the cancellation request has been made after the order has been dispatched, it will be forwarded for delivery and the customer may choose to refuse to accept it. <strong>My Name Is Rose is<\/strong> not responsible for possible delays in dealing with order cancellations. <\/p><p>A <strong>My Name Is Rose<\/strong> reserva-se o direito de n\u00e3o processar encomendas ou reembolsos em casos de inconsist\u00eancia de dados, fraude ou m\u00e1 conduta do cliente, assim como por quest\u00f5es t\u00e9cnicas alheias \u00e0 <strong>My Name Is Rose<\/strong>.<\/p>\t\t\t\t\t\t\t\t<\/div>\n\t\t\t\t<\/div>\n\t\t\t\t<div class=\"elementor-element elementor-element-e95145a elementor-widget elementor-widget-heading\" data-id=\"e95145a\" data-element_type=\"widget\" data-widget_type=\"heading.default\">\n\t\t\t\t<div class=\"elementor-widget-container\">\n\t\t\t\t\t<h2 class=\"elementor-heading-title elementor-size-default\">Free Resolution\n<\/h2>\t\t\t\t<\/div>\n\t\t\t\t<\/div>\n\t\t\t\t<div class=\"elementor-element elementor-element-3dbe339 elementor-widget elementor-widget-text-editor\" data-id=\"3dbe339\" data-element_type=\"widget\" data-widget_type=\"text-editor.default\">\n\t\t\t\t<div class=\"elementor-widget-container\">\n\t\t\t\t\t\t\t\t\t<p>The customer has the right to withdraw from the contract within 14 (fourteen) days from the date of conclusion of the contract. <br><br>If the customer wishes to withdraw from the contract, they can do so by emailing hello@mynameisrose.com or by filling in the contact form available at<strong> My Name Is Rose<\/strong>. When withdrawing from the contract within the legal time limit, in addition to returning the product, the customer must return any gifts accompanying the main product. <strong>My Name Is Rose<\/strong> must refund the amount paid within 14 days of receiving the returned order accompanied by the purchase invoice, proof of payment and return form.   <br><br>The refund will be made using the same payment method used by the customer in the initial payment, except in situations where there is an express agreement and the customer does not incur any costs as a result of the refund. <br><br>Any reimbursement procedure will be processed in accordance with the legislation in force in Decree-Law no. 24\/2014.<\/p>\t\t\t\t\t\t\t\t<\/div>\n\t\t\t\t<\/div>\n\t\t\t\t<div class=\"elementor-element elementor-element-5817fdc elementor-widget elementor-widget-heading\" data-id=\"5817fdc\" data-element_type=\"widget\" data-widget_type=\"heading.default\">\n\t\t\t\t<div class=\"elementor-widget-container\">\n\t\t\t\t\t<h2 class=\"elementor-heading-title elementor-size-default\">Complaints<\/h2>\t\t\t\t<\/div>\n\t\t\t\t<\/div>\n\t\t\t\t<div class=\"elementor-element elementor-element-ffae009 elementor-widget elementor-widget-text-editor\" data-id=\"ffae009\" data-element_type=\"widget\" data-widget_type=\"text-editor.default\">\n\t\t\t\t<div class=\"elementor-widget-container\">\n\t\t\t\t\t\t\t\t\t<p>The customer may submit a complaint regarding any issue, act, information or service provided to <strong>My Name Is Rose<\/strong> via the e-mail contact hello@mynameisrose.com or via the Electronic Complaints Book available via the link: https:\/\/www.livroreclamacoes.pt.<\/p>\t\t\t\t\t\t\t\t<\/div>\n\t\t\t\t<\/div>\n\t\t\t\t<div class=\"elementor-element elementor-element-a2558fd elementor-widget elementor-widget-heading\" data-id=\"a2558fd\" data-element_type=\"widget\" data-widget_type=\"heading.default\">\n\t\t\t\t<div class=\"elementor-widget-container\">\n\t\t\t\t\t<h2 class=\"elementor-heading-title elementor-size-default\">Disclaimer\n<\/h2>\t\t\t\t<\/div>\n\t\t\t\t<\/div>\n\t\t\t\t<div class=\"elementor-element elementor-element-e0a77b1 elementor-widget elementor-widget-text-editor\" data-id=\"e0a77b1\" data-element_type=\"widget\" data-widget_type=\"text-editor.default\">\n\t\t\t\t<div class=\"elementor-widget-container\">\n\t\t\t\t\t\t\t\t\t<p>By creating and using a <strong>My Name Is Rose<\/strong> account, you are responsible for account maintenance, confidentiality and all activity arising from your account. <br><br>By creating a user account and placing orders, the customer expressly and unequivocally accepts the Terms and Conditions in their most up-to-date version. <br><br><strong>My Name Is Rose<\/strong> is not responsible for any information disclosed by third parties, technical failures or any other problems that prevent access to and proper functioning of the online store. <br><br><strong>My Name Is Rose<\/strong> is not responsible for possible damages, directly or indirectly related to the use, or inability to use, the products and\/or services made available, as well as for any delay or unforeseen delivery of orders.<\/p>\t\t\t\t\t\t\t\t<\/div>\n\t\t\t\t<\/div>\n\t\t\t\t<div class=\"elementor-element elementor-element-f45818d elementor-widget elementor-widget-heading\" data-id=\"f45818d\" data-element_type=\"widget\" data-widget_type=\"heading.default\">\n\t\t\t\t<div class=\"elementor-widget-container\">\n\t\t\t\t\t<h2 class=\"elementor-heading-title elementor-size-default\">Processing personal data<\/h2>\t\t\t\t<\/div>\n\t\t\t\t<\/div>\n\t\t\t\t<div class=\"elementor-element elementor-element-9c04018 elementor-widget elementor-widget-text-editor\" data-id=\"9c04018\" data-element_type=\"widget\" data-widget_type=\"text-editor.default\">\n\t\t\t\t<div class=\"elementor-widget-container\">\n\t\t\t\t\t\t\t\t\t<p>Please check the Privacy and Cookies Policy.<\/p>\t\t\t\t\t\t\t\t<\/div>\n\t\t\t\t<\/div>\n\t\t\t\t<div class=\"elementor-element elementor-element-b34e769 elementor-widget elementor-widget-heading\" data-id=\"b34e769\" data-element_type=\"widget\" data-widget_type=\"heading.default\">\n\t\t\t\t<div class=\"elementor-widget-container\">\n\t\t\t\t\t<h2 class=\"elementor-heading-title elementor-size-default\">Applicable law - jurisdiction<\/h2>\t\t\t\t<\/div>\n\t\t\t\t<\/div>\n\t\t\t\t<div class=\"elementor-element elementor-element-53306ea elementor-widget elementor-widget-text-editor\" data-id=\"53306ea\" data-element_type=\"widget\" data-widget_type=\"text-editor.default\">\n\t\t\t\t<div class=\"elementor-widget-container\">\n\t\t\t\t\t\t\t\t\t<p>This contract is subject to Portuguese law and the legislation in force.<\/p>\t\t\t\t\t\t\t\t<\/div>\n\t\t\t\t<\/div>\n\t\t\t\t\t<\/div>\n\t\t\t\t<\/div>\n\t\t\t\t<\/div>\n\t\t","protected":false},"excerpt":{"rendered":"<p>Terms and Conditions These General Terms and Conditions are intended to regulate the terms and conditions by which the My Name Is Rose store, a legal person with NIF\/NIPC PT516802003, with registered office at Rua Beira Mar, n\u00ba 3057, 2\u00ba [&hellip;]<\/p>\n","protected":false},"author":1,"featured_media":0,"parent":0,"menu_order":0,"comment_status":"open","ping_status":"closed","template":"elementor_header_footer","meta":{"_acf_changed":false,"inline_featured_image":false,"footnotes":""},"class_list":["post-8723","page","type-page","status-publish","hentry"],"acf":[],"_links":{"self":[{"href":"https:\/\/mynameisrose.com\/en\/wp-json\/wp\/v2\/pages\/8723","targetHints":{"allow":["GET"]}}],"collection":[{"href":"https:\/\/mynameisrose.com\/en\/wp-json\/wp\/v2\/pages"}],"about":[{"href":"https:\/\/mynameisrose.com\/en\/wp-json\/wp\/v2\/types\/page"}],"author":[{"embeddable":true,"href":"https:\/\/mynameisrose.com\/en\/wp-json\/wp\/v2\/users\/1"}],"replies":[{"embeddable":true,"href":"https:\/\/mynameisrose.com\/en\/wp-json\/wp\/v2\/comments?post=8723"}],"version-history":[{"count":1,"href":"https:\/\/mynameisrose.com\/en\/wp-json\/wp\/v2\/pages\/8723\/revisions"}],"predecessor-version":[{"id":8724,"href":"https:\/\/mynameisrose.com\/en\/wp-json\/wp\/v2\/pages\/8723\/revisions\/8724"}],"wp:attachment":[{"href":"https:\/\/mynameisrose.com\/en\/wp-json\/wp\/v2\/media?parent=8723"}],"curies":[{"name":"wp","href":"https:\/\/api.w.org\/{rel}","templated":true}]}}