{"id":7753,"date":"2025-07-06T10:00:00","date_gmt":"2025-07-06T10:00:00","guid":{"rendered":"https:\/\/rose.risca.pt\/?post_type=product&#038;p=7753"},"modified":"2025-08-29T13:39:50","modified_gmt":"2025-08-29T13:39:50","slug":"essence","status":"publish","type":"product","link":"https:\/\/mynameisrose.com\/en\/produto\/essence\/","title":{"rendered":"Essence"},"content":{"rendered":"<p>Inspirado na ess\u00eancia da vida, pretendemos dar a ideia das p\u00e9talas das rosas no seu estado mais puro e transmitir a sensa\u00e7\u00e3o de perfei\u00e7\u00e3o.<\/p>\n<p>Produzido em Portugal.<\/p>\n","protected":false},"excerpt":{"rendered":"<p>Inspirado na esperan\u00e7a, pretendemos com esta cor e este design transmitir a renova\u00e7\u00e3o, a cura, a longevidade e o bem-estar.<\/p>\n<p>Produzido em Portugal.<\/p>\n","protected":false},"featured_media":8213,"template":"","meta":{"_acf_changed":false,"inline_featured_image":false},"product_brand":[],"product_cat":[97],"product_tag":[],"class_list":{"0":"post-7753","1":"product","2":"type-product","3":"status-publish","4":"has-post-thumbnail","6":"product_cat-lencos-lencos","8":"first","9":"instock","10":"taxable","11":"shipping-taxable","12":"purchasable","13":"product-type-variable"},"acf":[],"_links":{"self":[{"href":"https:\/\/mynameisrose.com\/en\/wp-json\/wp\/v2\/product\/7753","targetHints":{"allow":["GET"]}}],"collection":[{"href":"https:\/\/mynameisrose.com\/en\/wp-json\/wp\/v2\/product"}],"about":[{"href":"https:\/\/mynameisrose.com\/en\/wp-json\/wp\/v2\/types\/product"}],"wp:featuredmedia":[{"embeddable":true,"href":"https:\/\/mynameisrose.com\/en\/wp-json\/wp\/v2\/media\/8213"}],"wp:attachment":[{"href":"https:\/\/mynameisrose.com\/en\/wp-json\/wp\/v2\/media?parent=7753"}],"wp:term":[{"taxonomy":"product_brand","embeddable":true,"href":"https:\/\/mynameisrose.com\/en\/wp-json\/wp\/v2\/product_brand?post=7753"},{"taxonomy":"product_cat","embeddable":true,"href":"https:\/\/mynameisrose.com\/en\/wp-json\/wp\/v2\/product_cat?post=7753"},{"taxonomy":"product_tag","embeddable":true,"href":"https:\/\/mynameisrose.com\/en\/wp-json\/wp\/v2\/product_tag?post=7753"}],"curies":[{"name":"wp","href":"https:\/\/api.w.org\/{rel}","templated":true}]}}