{"id":7758,"date":"2025-07-07T10:00:14","date_gmt":"2025-07-07T10:00:14","guid":{"rendered":"https:\/\/rose.risca.pt\/?post_type=product&#038;p=7758"},"modified":"2025-08-29T13:35:40","modified_gmt":"2025-08-29T13:35:40","slug":"seed","status":"publish","type":"product","link":"https:\/\/mynameisrose.com\/en\/produto\/seed\/","title":{"rendered":"Seed"},"content":{"rendered":"<p>Inspirado na terra e na natureza, cri\u00e1mos um design de cores mais neutras que nos transmitem conforto e estabilidade, que nos levam \u00e0 terra, ao semear das rosas e ao in\u00edcio da vida.<\/p>\n<p>Produzido em Portugal.<\/p>\n","protected":false},"excerpt":{"rendered":"<p>Inspirado na terra e na natureza, cri\u00e1mos um design de cores mais neutras que nos transmitem conforto e estabilidade, que nos levam \u00e0 terra, ao semear das rosas e ao in\u00edcio da vida.<\/p>\n<p>Produzido em Portugal.<\/p>\n","protected":false},"featured_media":8370,"template":"","meta":{"_acf_changed":false,"inline_featured_image":false},"product_brand":[],"product_cat":[97],"product_tag":[],"class_list":{"0":"post-7758","1":"product","2":"type-product","3":"status-publish","4":"has-post-thumbnail","6":"product_cat-lencos-lencos","8":"first","9":"instock","10":"taxable","11":"shipping-taxable","12":"purchasable","13":"product-type-variable"},"acf":[],"_links":{"self":[{"href":"https:\/\/mynameisrose.com\/en\/wp-json\/wp\/v2\/product\/7758","targetHints":{"allow":["GET"]}}],"collection":[{"href":"https:\/\/mynameisrose.com\/en\/wp-json\/wp\/v2\/product"}],"about":[{"href":"https:\/\/mynameisrose.com\/en\/wp-json\/wp\/v2\/types\/product"}],"wp:featuredmedia":[{"embeddable":true,"href":"https:\/\/mynameisrose.com\/en\/wp-json\/wp\/v2\/media\/8370"}],"wp:attachment":[{"href":"https:\/\/mynameisrose.com\/en\/wp-json\/wp\/v2\/media?parent=7758"}],"wp:term":[{"taxonomy":"product_brand","embeddable":true,"href":"https:\/\/mynameisrose.com\/en\/wp-json\/wp\/v2\/product_brand?post=7758"},{"taxonomy":"product_cat","embeddable":true,"href":"https:\/\/mynameisrose.com\/en\/wp-json\/wp\/v2\/product_cat?post=7758"},{"taxonomy":"product_tag","embeddable":true,"href":"https:\/\/mynameisrose.com\/en\/wp-json\/wp\/v2\/product_tag?post=7758"}],"curies":[{"name":"wp","href":"https:\/\/api.w.org\/{rel}","templated":true}]}}