{"id":7788,"date":"2025-07-29T09:21:14","date_gmt":"2025-07-29T09:21:14","guid":{"rendered":"https:\/\/rose.risca.pt\/?post_type=product&#038;p=7788"},"modified":"2026-01-29T15:03:12","modified_gmt":"2026-01-29T15:03:12","slug":"butterflies-blues","status":"publish","type":"product","link":"https:\/\/mynameisrose.com\/en\/produto\/butterflies-blues\/","title":{"rendered":"Butterflies Blues"},"content":{"rendered":"<p>Uma homenagem \u00e0s m\u00e3es que nos acolhem, \u00e0s filhas que nos inspiram e os netos que nos fazem sonhar de novo.<\/p>\n<p>Produzido em Portugal.<\/p>\n","protected":false},"excerpt":{"rendered":"<p>Uma homenagem \u00e0s m\u00e3es que nos acolhem, \u00e0s filhas que nos inspiram e os netos que nos fazem sonhar de novo.<\/p>\n<p>Produzido em Portugal.<\/p>\n","protected":false},"featured_media":8158,"template":"","meta":{"_acf_changed":false,"inline_featured_image":false},"product_brand":[],"product_cat":[97],"product_tag":[],"class_list":{"0":"post-7788","1":"product","2":"type-product","3":"status-publish","4":"has-post-thumbnail","6":"product_cat-lencos-lencos","8":"first","9":"instock","10":"taxable","11":"shipping-taxable","12":"purchasable","13":"product-type-variable"},"acf":[],"_links":{"self":[{"href":"https:\/\/mynameisrose.com\/en\/wp-json\/wp\/v2\/product\/7788","targetHints":{"allow":["GET"]}}],"collection":[{"href":"https:\/\/mynameisrose.com\/en\/wp-json\/wp\/v2\/product"}],"about":[{"href":"https:\/\/mynameisrose.com\/en\/wp-json\/wp\/v2\/types\/product"}],"wp:featuredmedia":[{"embeddable":true,"href":"https:\/\/mynameisrose.com\/en\/wp-json\/wp\/v2\/media\/8158"}],"wp:attachment":[{"href":"https:\/\/mynameisrose.com\/en\/wp-json\/wp\/v2\/media?parent=7788"}],"wp:term":[{"taxonomy":"product_brand","embeddable":true,"href":"https:\/\/mynameisrose.com\/en\/wp-json\/wp\/v2\/product_brand?post=7788"},{"taxonomy":"product_cat","embeddable":true,"href":"https:\/\/mynameisrose.com\/en\/wp-json\/wp\/v2\/product_cat?post=7788"},{"taxonomy":"product_tag","embeddable":true,"href":"https:\/\/mynameisrose.com\/en\/wp-json\/wp\/v2\/product_tag?post=7788"}],"curies":[{"name":"wp","href":"https:\/\/api.w.org\/{rel}","templated":true}]}}