{"id":7793,"date":"2025-07-05T10:01:42","date_gmt":"2025-07-05T10:01:42","guid":{"rendered":"https:\/\/rose.risca.pt\/?post_type=product&#038;p=7793"},"modified":"2025-08-29T13:37:34","modified_gmt":"2025-08-29T13:37:34","slug":"bloom-pocket-square","status":"publish","type":"product","link":"https:\/\/mynameisrose.com\/en\/produto\/bloom-pocket-square\/","title":{"rendered":"Bloom Pocket Square"},"content":{"rendered":"<p>Acrescenta um toque de frescura e distin\u00e7\u00e3o a qualquer look. Um acess\u00f3rio pensado para quem aprecia os detalhes e sabe que a eleg\u00e2ncia est\u00e1 nos pequenos gestos.<\/p>\n<p>Produzido em Portugal.<\/p>\n","protected":false},"excerpt":{"rendered":"<p>Acrescenta um toque de frescura e distin\u00e7\u00e3o a qualquer look. Um acess\u00f3rio pensado para quem aprecia os detalhes e sabe que a eleg\u00e2ncia est\u00e1 nos pequenos gestos.<\/p>\n<p>Produzido em Portugal.<\/p>\n","protected":false},"featured_media":8486,"template":"","meta":{"_acf_changed":false,"inline_featured_image":false},"product_brand":[],"product_cat":[24],"product_tag":[],"class_list":{"0":"post-7793","1":"product","2":"type-product","3":"status-publish","4":"has-post-thumbnail","6":"product_cat-pocket","8":"first","9":"instock","10":"taxable","11":"shipping-taxable","12":"purchasable","13":"product-type-variable"},"acf":[],"_links":{"self":[{"href":"https:\/\/mynameisrose.com\/en\/wp-json\/wp\/v2\/product\/7793","targetHints":{"allow":["GET"]}}],"collection":[{"href":"https:\/\/mynameisrose.com\/en\/wp-json\/wp\/v2\/product"}],"about":[{"href":"https:\/\/mynameisrose.com\/en\/wp-json\/wp\/v2\/types\/product"}],"wp:featuredmedia":[{"embeddable":true,"href":"https:\/\/mynameisrose.com\/en\/wp-json\/wp\/v2\/media\/8486"}],"wp:attachment":[{"href":"https:\/\/mynameisrose.com\/en\/wp-json\/wp\/v2\/media?parent=7793"}],"wp:term":[{"taxonomy":"product_brand","embeddable":true,"href":"https:\/\/mynameisrose.com\/en\/wp-json\/wp\/v2\/product_brand?post=7793"},{"taxonomy":"product_cat","embeddable":true,"href":"https:\/\/mynameisrose.com\/en\/wp-json\/wp\/v2\/product_cat?post=7793"},{"taxonomy":"product_tag","embeddable":true,"href":"https:\/\/mynameisrose.com\/en\/wp-json\/wp\/v2\/product_tag?post=7793"}],"curies":[{"name":"wp","href":"https:\/\/api.w.org\/{rel}","templated":true}]}}