{"id":7799,"date":"2020-07-01T10:01:08","date_gmt":"2020-07-01T10:01:08","guid":{"rendered":"https:\/\/rose.risca.pt\/?post_type=product&#038;p=7799"},"modified":"2026-02-05T15:37:13","modified_gmt":"2026-02-05T15:37:13","slug":"garden-pocket-square","status":"publish","type":"product","link":"https:\/\/mynameisrose.com\/en\/produto\/garden-pocket-square\/","title":{"rendered":"Garden Pocket Square"},"content":{"rendered":"<p>Um padr\u00e3o vibrante e repleto de cor, onde rosas e flores campestres se entrela\u00e7am num jardim cheio de energia. \u00c9 uma afirma\u00e7\u00e3o de estilo para quem n\u00e3o tem medo de ousar.<\/p>\n<p>Produzido em Portugal.<\/p>\n","protected":false},"excerpt":{"rendered":"<p>Um padr\u00e3o vibrante e repleto de cor, onde rosas e flores campestres se entrela\u00e7am num jardim cheio de energia. \u00c9 uma afirma\u00e7\u00e3o de estilo para quem n\u00e3o tem medo de ousar.<\/p>\n<p>Produzido em Portugal.<\/p>\n","protected":false},"featured_media":8502,"template":"","meta":{"_acf_changed":false,"inline_featured_image":false},"product_brand":[],"product_cat":[24],"product_tag":[],"class_list":{"0":"post-7799","1":"product","2":"type-product","3":"status-publish","4":"has-post-thumbnail","6":"product_cat-pocket","8":"first","9":"instock","10":"taxable","11":"shipping-taxable","12":"purchasable","13":"product-type-variable"},"acf":[],"_links":{"self":[{"href":"https:\/\/mynameisrose.com\/en\/wp-json\/wp\/v2\/product\/7799","targetHints":{"allow":["GET"]}}],"collection":[{"href":"https:\/\/mynameisrose.com\/en\/wp-json\/wp\/v2\/product"}],"about":[{"href":"https:\/\/mynameisrose.com\/en\/wp-json\/wp\/v2\/types\/product"}],"wp:featuredmedia":[{"embeddable":true,"href":"https:\/\/mynameisrose.com\/en\/wp-json\/wp\/v2\/media\/8502"}],"wp:attachment":[{"href":"https:\/\/mynameisrose.com\/en\/wp-json\/wp\/v2\/media?parent=7799"}],"wp:term":[{"taxonomy":"product_brand","embeddable":true,"href":"https:\/\/mynameisrose.com\/en\/wp-json\/wp\/v2\/product_brand?post=7799"},{"taxonomy":"product_cat","embeddable":true,"href":"https:\/\/mynameisrose.com\/en\/wp-json\/wp\/v2\/product_cat?post=7799"},{"taxonomy":"product_tag","embeddable":true,"href":"https:\/\/mynameisrose.com\/en\/wp-json\/wp\/v2\/product_tag?post=7799"}],"curies":[{"name":"wp","href":"https:\/\/api.w.org\/{rel}","templated":true}]}}