{"id":7807,"date":"2025-07-04T10:01:31","date_gmt":"2025-07-04T10:01:31","guid":{"rendered":"https:\/\/rose.risca.pt\/?post_type=product&#038;p=7807"},"modified":"2025-08-29T13:40:49","modified_gmt":"2025-08-29T13:40:49","slug":"light-pocket-square","status":"publish","type":"product","link":"https:\/\/mynameisrose.com\/en\/produto\/light-pocket-square\/","title":{"rendered":"Light Pocket Square"},"content":{"rendered":"<p>Inspirado na calma dos dias claros e na suavidade da luz natural, \u00e9 um acess\u00f3rio sereno e contempor\u00e2neo, feito para iluminar com subtileza.<\/p>\n<p>Produzido em Portugal.<\/p>\n","protected":false},"excerpt":{"rendered":"<p>Inspirado na calma dos dias claros e na suavidade da luz natural, \u00e9 um acess\u00f3rio sereno e contempor\u00e2neo, feito para iluminar com subtileza.<\/p>\n<p>Produzido em Portugal.<\/p>\n","protected":false},"featured_media":8508,"template":"","meta":{"_acf_changed":false,"inline_featured_image":false},"product_brand":[],"product_cat":[24],"product_tag":[],"class_list":{"0":"post-7807","1":"product","2":"type-product","3":"status-publish","4":"has-post-thumbnail","6":"product_cat-pocket","8":"first","9":"instock","10":"taxable","11":"shipping-taxable","12":"purchasable","13":"product-type-variable"},"acf":[],"_links":{"self":[{"href":"https:\/\/mynameisrose.com\/en\/wp-json\/wp\/v2\/product\/7807","targetHints":{"allow":["GET"]}}],"collection":[{"href":"https:\/\/mynameisrose.com\/en\/wp-json\/wp\/v2\/product"}],"about":[{"href":"https:\/\/mynameisrose.com\/en\/wp-json\/wp\/v2\/types\/product"}],"wp:featuredmedia":[{"embeddable":true,"href":"https:\/\/mynameisrose.com\/en\/wp-json\/wp\/v2\/media\/8508"}],"wp:attachment":[{"href":"https:\/\/mynameisrose.com\/en\/wp-json\/wp\/v2\/media?parent=7807"}],"wp:term":[{"taxonomy":"product_brand","embeddable":true,"href":"https:\/\/mynameisrose.com\/en\/wp-json\/wp\/v2\/product_brand?post=7807"},{"taxonomy":"product_cat","embeddable":true,"href":"https:\/\/mynameisrose.com\/en\/wp-json\/wp\/v2\/product_cat?post=7807"},{"taxonomy":"product_tag","embeddable":true,"href":"https:\/\/mynameisrose.com\/en\/wp-json\/wp\/v2\/product_tag?post=7807"}],"curies":[{"name":"wp","href":"https:\/\/api.w.org\/{rel}","templated":true}]}}