{"id":7823,"date":"2025-08-01T10:20:25","date_gmt":"2025-08-01T10:20:25","guid":{"rendered":"https:\/\/rose.risca.pt\/?post_type=product&#038;p=7823"},"modified":"2025-08-29T11:39:59","modified_gmt":"2025-08-29T11:39:59","slug":"butterflies-rose-one","status":"publish","type":"product","link":"https:\/\/mynameisrose.com\/en\/produto\/butterflies-rose-one\/","title":{"rendered":"Butterflies Rose One"},"content":{"rendered":"<p>Uma homenagem \u00e0s m\u00e3es que nos acolhem, \u00e0s filhas que nos inspiram e os netos que nos fazem sonhar de novo.<\/p>\n<p>Produzido em Portugal.<\/p>\n","protected":false},"excerpt":{"rendered":"<p>Uma homenagem \u00e0s m\u00e3es que nos acolhem, \u00e0s filhas que nos inspiram e os netos que nos fazem sonhar de novo.<\/p>\n<p>Produzido em Portugal.<\/p>\n","protected":false},"featured_media":8184,"template":"","meta":{"_acf_changed":false,"inline_featured_image":false},"product_brand":[],"product_cat":[97],"product_tag":[],"class_list":{"0":"post-7823","1":"product","2":"type-product","3":"status-publish","4":"has-post-thumbnail","6":"product_cat-lencos-lencos","8":"first","9":"instock","10":"taxable","11":"shipping-taxable","12":"purchasable","13":"product-type-variable"},"acf":[],"_links":{"self":[{"href":"https:\/\/mynameisrose.com\/en\/wp-json\/wp\/v2\/product\/7823","targetHints":{"allow":["GET"]}}],"collection":[{"href":"https:\/\/mynameisrose.com\/en\/wp-json\/wp\/v2\/product"}],"about":[{"href":"https:\/\/mynameisrose.com\/en\/wp-json\/wp\/v2\/types\/product"}],"wp:featuredmedia":[{"embeddable":true,"href":"https:\/\/mynameisrose.com\/en\/wp-json\/wp\/v2\/media\/8184"}],"wp:attachment":[{"href":"https:\/\/mynameisrose.com\/en\/wp-json\/wp\/v2\/media?parent=7823"}],"wp:term":[{"taxonomy":"product_brand","embeddable":true,"href":"https:\/\/mynameisrose.com\/en\/wp-json\/wp\/v2\/product_brand?post=7823"},{"taxonomy":"product_cat","embeddable":true,"href":"https:\/\/mynameisrose.com\/en\/wp-json\/wp\/v2\/product_cat?post=7823"},{"taxonomy":"product_tag","embeddable":true,"href":"https:\/\/mynameisrose.com\/en\/wp-json\/wp\/v2\/product_tag?post=7823"}],"curies":[{"name":"wp","href":"https:\/\/api.w.org\/{rel}","templated":true}]}}