{"id":7828,"date":"2025-07-10T10:21:11","date_gmt":"2025-07-10T10:21:11","guid":{"rendered":"https:\/\/rose.risca.pt\/?post_type=product&#038;p=7828"},"modified":"2025-08-29T11:31:12","modified_gmt":"2025-08-29T11:31:12","slug":"cheeks","status":"publish","type":"product","link":"https:\/\/mynameisrose.com\/en\/produto\/cheeks\/","title":{"rendered":"Cheeks"},"content":{"rendered":"<p>A My Name is Rose associou-se \u00e0 Make-A-Wish Portugal e criou o len\u00e7o Cheeks.<\/p>\n<p>Com a colabora\u00e7\u00e3o do ilustrador Bruno Peixoto nasceu um len\u00e7o que nos transporta ao imagin\u00e1rio das crian\u00e7as, \u00e0 sua ess\u00eancia pura e \u00e0 sua magia.<\/p>\n<p>Ao adquirir um len\u00e7o Cheeks, 10% do valor reverte para a Make-A-Wish Portugal<\/p>\n<p>Produzido em Portugal.<\/p>\n","protected":false},"excerpt":{"rendered":"<p>A My Name is Rose associou-se \u00e0 Make-A-Wish Portugal e criou o len\u00e7o Cheeks.<\/p>\n<p>Com a colabora\u00e7\u00e3o do ilustrador Bruno Peixoto nasceu um len\u00e7o que nos transporta ao imagin\u00e1rio das crian\u00e7as, \u00e0 sua ess\u00eancia pura e \u00e0 sua magia.<\/p>\n<p>Ao adquirir um len\u00e7o Cheeks, 10% do valor reverte para a Make-A-Wish Portugal<\/p>\n<p>Produzido em Portugal.<\/p>\n","protected":false},"featured_media":8192,"template":"","meta":{"_acf_changed":false,"inline_featured_image":false},"product_brand":[],"product_cat":[97],"product_tag":[],"class_list":{"0":"post-7828","1":"product","2":"type-product","3":"status-publish","4":"has-post-thumbnail","6":"product_cat-lencos-lencos","8":"first","9":"instock","10":"taxable","11":"shipping-taxable","12":"purchasable","13":"product-type-variable"},"acf":[],"_links":{"self":[{"href":"https:\/\/mynameisrose.com\/en\/wp-json\/wp\/v2\/product\/7828","targetHints":{"allow":["GET"]}}],"collection":[{"href":"https:\/\/mynameisrose.com\/en\/wp-json\/wp\/v2\/product"}],"about":[{"href":"https:\/\/mynameisrose.com\/en\/wp-json\/wp\/v2\/types\/product"}],"wp:featuredmedia":[{"embeddable":true,"href":"https:\/\/mynameisrose.com\/en\/wp-json\/wp\/v2\/media\/8192"}],"wp:attachment":[{"href":"https:\/\/mynameisrose.com\/en\/wp-json\/wp\/v2\/media?parent=7828"}],"wp:term":[{"taxonomy":"product_brand","embeddable":true,"href":"https:\/\/mynameisrose.com\/en\/wp-json\/wp\/v2\/product_brand?post=7828"},{"taxonomy":"product_cat","embeddable":true,"href":"https:\/\/mynameisrose.com\/en\/wp-json\/wp\/v2\/product_cat?post=7828"},{"taxonomy":"product_tag","embeddable":true,"href":"https:\/\/mynameisrose.com\/en\/wp-json\/wp\/v2\/product_tag?post=7828"}],"curies":[{"name":"wp","href":"https:\/\/api.w.org\/{rel}","templated":true}]}}