{"id":7842,"date":"2020-01-03T10:00:55","date_gmt":"2020-01-03T10:00:55","guid":{"rendered":"https:\/\/rose.risca.pt\/?post_type=product&#038;p=7842"},"modified":"2026-02-05T15:35:46","modified_gmt":"2026-02-05T15:35:46","slug":"garden","status":"publish","type":"product","link":"https:\/\/mynameisrose.com\/en\/produto\/garden\/","title":{"rendered":"Garden"},"content":{"rendered":"<p>Inspirado na exuber\u00e2ncia de um jardim em plena flora\u00e7\u00e3o, celebra a intensidade das rosas, numa composi\u00e7\u00e3o alegre e cheia de frescura, que convida a viver cada dia com cor.<\/p>\n<p>Produzido em Portugal.<\/p>\n","protected":false},"excerpt":{"rendered":"<p>Inspirado na esperan\u00e7a, pretendemos com esta cor e este design transmitir a renova\u00e7\u00e3o, a cura, a longevidade e o bem-estar.<\/p>\n<p>Produzido em Portugal.<\/p>\n","protected":false},"featured_media":8221,"template":"","meta":{"_acf_changed":false,"inline_featured_image":false},"product_brand":[],"product_cat":[97],"product_tag":[],"class_list":{"0":"post-7842","1":"product","2":"type-product","3":"status-publish","4":"has-post-thumbnail","6":"product_cat-lencos-lencos","8":"first","9":"instock","10":"taxable","11":"shipping-taxable","12":"purchasable","13":"product-type-variable"},"acf":[],"_links":{"self":[{"href":"https:\/\/mynameisrose.com\/en\/wp-json\/wp\/v2\/product\/7842","targetHints":{"allow":["GET"]}}],"collection":[{"href":"https:\/\/mynameisrose.com\/en\/wp-json\/wp\/v2\/product"}],"about":[{"href":"https:\/\/mynameisrose.com\/en\/wp-json\/wp\/v2\/types\/product"}],"wp:featuredmedia":[{"embeddable":true,"href":"https:\/\/mynameisrose.com\/en\/wp-json\/wp\/v2\/media\/8221"}],"wp:attachment":[{"href":"https:\/\/mynameisrose.com\/en\/wp-json\/wp\/v2\/media?parent=7842"}],"wp:term":[{"taxonomy":"product_brand","embeddable":true,"href":"https:\/\/mynameisrose.com\/en\/wp-json\/wp\/v2\/product_brand?post=7842"},{"taxonomy":"product_cat","embeddable":true,"href":"https:\/\/mynameisrose.com\/en\/wp-json\/wp\/v2\/product_cat?post=7842"},{"taxonomy":"product_tag","embeddable":true,"href":"https:\/\/mynameisrose.com\/en\/wp-json\/wp\/v2\/product_tag?post=7842"}],"curies":[{"name":"wp","href":"https:\/\/api.w.org\/{rel}","templated":true}]}}