{"id":7850,"date":"2025-07-15T10:00:42","date_gmt":"2025-07-15T10:00:42","guid":{"rendered":"https:\/\/rose.risca.pt\/?post_type=product&#038;p=7850"},"modified":"2025-08-29T13:48:33","modified_gmt":"2025-08-29T13:48:33","slug":"grace","status":"publish","type":"product","link":"https:\/\/mynameisrose.com\/en\/produto\/grace\/","title":{"rendered":"Grace"},"content":{"rendered":"<p>Um len\u00e7o que celebra a diversidade e simbolismo das rosas, combinando o calor do amarelo, a paix\u00e3o do vermelho e a delicadeza do rosa. Um design alegre e vibrante, onde cada flor representa uma emo\u00e7\u00e3o, emoldurada por um cl\u00e1ssico padr\u00e3o cl\u00e1ssico.<\/p>\n<p>Produzido em Portugal.<\/p>\n","protected":false},"excerpt":{"rendered":"<p>Um len\u00e7o que celebra a diversidade e simbolismo das rosas, combinando o calor do amarelo, a paix\u00e3o do vermelho e a delicadeza do rosa. Um design alegre e vibrante, onde cada flor representa uma emo\u00e7\u00e3o, emoldurada por um cl\u00e1ssico padr\u00e3o cl\u00e1ssico.<\/p>\n<p>Produzido em Portugal.<\/p>\n","protected":false},"featured_media":8237,"template":"","meta":{"_acf_changed":false,"inline_featured_image":false},"product_brand":[],"product_cat":[97],"product_tag":[],"class_list":{"0":"post-7850","1":"product","2":"type-product","3":"status-publish","4":"has-post-thumbnail","6":"product_cat-lencos-lencos","8":"first","9":"instock","10":"taxable","11":"shipping-taxable","12":"purchasable","13":"product-type-variable"},"acf":[],"_links":{"self":[{"href":"https:\/\/mynameisrose.com\/en\/wp-json\/wp\/v2\/product\/7850","targetHints":{"allow":["GET"]}}],"collection":[{"href":"https:\/\/mynameisrose.com\/en\/wp-json\/wp\/v2\/product"}],"about":[{"href":"https:\/\/mynameisrose.com\/en\/wp-json\/wp\/v2\/types\/product"}],"wp:featuredmedia":[{"embeddable":true,"href":"https:\/\/mynameisrose.com\/en\/wp-json\/wp\/v2\/media\/8237"}],"wp:attachment":[{"href":"https:\/\/mynameisrose.com\/en\/wp-json\/wp\/v2\/media?parent=7850"}],"wp:term":[{"taxonomy":"product_brand","embeddable":true,"href":"https:\/\/mynameisrose.com\/en\/wp-json\/wp\/v2\/product_brand?post=7850"},{"taxonomy":"product_cat","embeddable":true,"href":"https:\/\/mynameisrose.com\/en\/wp-json\/wp\/v2\/product_cat?post=7850"},{"taxonomy":"product_tag","embeddable":true,"href":"https:\/\/mynameisrose.com\/en\/wp-json\/wp\/v2\/product_tag?post=7850"}],"curies":[{"name":"wp","href":"https:\/\/api.w.org\/{rel}","templated":true}]}}