{"id":7854,"date":"2025-07-28T10:02:34","date_gmt":"2025-07-28T10:02:34","guid":{"rendered":"https:\/\/rose.risca.pt\/?post_type=product&#038;p=7854"},"modified":"2025-08-29T11:53:14","modified_gmt":"2025-08-29T11:53:14","slug":"happy-butterfly","status":"publish","type":"product","link":"https:\/\/mynameisrose.com\/en\/produto\/happy-butterfly\/","title":{"rendered":"Happy Butterfly"},"content":{"rendered":"<p>Inspirado na leveza das borboletas e na alegria dos dias de sol. Happy Butterfly \u00e9 um jardim em movimento, onde cores vibrantes e asas delicadas dan\u00e7am, celebrando a liberdade e a beleza ef\u00e9mera.<\/p>\n<p>Produzido em Portugal.<\/p>\n","protected":false},"excerpt":{"rendered":"<p>Inspirado na leveza das borboletas e na alegria dos dias de sol. Happy Butterfly \u00e9 um jardim em movimento, onde cores vibrantes e asas delicadas dan\u00e7am, celebrando a liberdade e a beleza ef\u00e9mera.<\/p>\n<p>Produzido em Portugal.<\/p>\n","protected":false},"featured_media":8243,"template":"","meta":{"_acf_changed":false,"inline_featured_image":false},"product_brand":[],"product_cat":[97],"product_tag":[],"class_list":{"0":"post-7854","1":"product","2":"type-product","3":"status-publish","4":"has-post-thumbnail","6":"product_cat-lencos-lencos","8":"first","9":"instock","10":"taxable","11":"shipping-taxable","12":"purchasable","13":"product-type-variable"},"acf":[],"_links":{"self":[{"href":"https:\/\/mynameisrose.com\/en\/wp-json\/wp\/v2\/product\/7854","targetHints":{"allow":["GET"]}}],"collection":[{"href":"https:\/\/mynameisrose.com\/en\/wp-json\/wp\/v2\/product"}],"about":[{"href":"https:\/\/mynameisrose.com\/en\/wp-json\/wp\/v2\/types\/product"}],"wp:featuredmedia":[{"embeddable":true,"href":"https:\/\/mynameisrose.com\/en\/wp-json\/wp\/v2\/media\/8243"}],"wp:attachment":[{"href":"https:\/\/mynameisrose.com\/en\/wp-json\/wp\/v2\/media?parent=7854"}],"wp:term":[{"taxonomy":"product_brand","embeddable":true,"href":"https:\/\/mynameisrose.com\/en\/wp-json\/wp\/v2\/product_brand?post=7854"},{"taxonomy":"product_cat","embeddable":true,"href":"https:\/\/mynameisrose.com\/en\/wp-json\/wp\/v2\/product_cat?post=7854"},{"taxonomy":"product_tag","embeddable":true,"href":"https:\/\/mynameisrose.com\/en\/wp-json\/wp\/v2\/product_tag?post=7854"}],"curies":[{"name":"wp","href":"https:\/\/api.w.org\/{rel}","templated":true}]}}