{"id":7857,"date":"2025-07-28T10:03:38","date_gmt":"2025-07-28T10:03:38","guid":{"rendered":"https:\/\/rose.risca.pt\/?post_type=product&#038;p=7857"},"modified":"2025-08-29T11:53:33","modified_gmt":"2025-08-29T11:53:33","slug":"happy-butterfly-one","status":"publish","type":"product","link":"https:\/\/mynameisrose.com\/en\/produto\/happy-butterfly-one\/","title":{"rendered":"Happy Butterfly One"},"content":{"rendered":"<p>Inspirado na leveza das borboletas e na alegria dos dias de sol. Happy Butterfly \u00e9 um jardim em movimento, onde cores vibrantes e asas delicadas dan\u00e7am, celebrando a liberdade e a beleza ef\u00e9mera.<\/p>\n<p>Produzido em Portugal.<\/p>\n","protected":false},"excerpt":{"rendered":"<p>Inspirado na leveza das borboletas e na alegria dos dias de sol. Happy Butterfly \u00e9 um jardim em movimento, onde cores vibrantes e asas delicadas dan\u00e7am, celebrando a liberdade e a beleza ef\u00e9mera.<\/p>\n<p>Produzido em Portugal.<\/p>\n","protected":false},"featured_media":8249,"template":"","meta":{"_acf_changed":false,"inline_featured_image":false},"product_brand":[],"product_cat":[97],"product_tag":[],"class_list":{"0":"post-7857","1":"product","2":"type-product","3":"status-publish","4":"has-post-thumbnail","6":"product_cat-lencos-lencos","8":"first","9":"instock","10":"taxable","11":"shipping-taxable","12":"purchasable","13":"product-type-variable"},"acf":[],"_links":{"self":[{"href":"https:\/\/mynameisrose.com\/en\/wp-json\/wp\/v2\/product\/7857","targetHints":{"allow":["GET"]}}],"collection":[{"href":"https:\/\/mynameisrose.com\/en\/wp-json\/wp\/v2\/product"}],"about":[{"href":"https:\/\/mynameisrose.com\/en\/wp-json\/wp\/v2\/types\/product"}],"wp:featuredmedia":[{"embeddable":true,"href":"https:\/\/mynameisrose.com\/en\/wp-json\/wp\/v2\/media\/8249"}],"wp:attachment":[{"href":"https:\/\/mynameisrose.com\/en\/wp-json\/wp\/v2\/media?parent=7857"}],"wp:term":[{"taxonomy":"product_brand","embeddable":true,"href":"https:\/\/mynameisrose.com\/en\/wp-json\/wp\/v2\/product_brand?post=7857"},{"taxonomy":"product_cat","embeddable":true,"href":"https:\/\/mynameisrose.com\/en\/wp-json\/wp\/v2\/product_cat?post=7857"},{"taxonomy":"product_tag","embeddable":true,"href":"https:\/\/mynameisrose.com\/en\/wp-json\/wp\/v2\/product_tag?post=7857"}],"curies":[{"name":"wp","href":"https:\/\/api.w.org\/{rel}","templated":true}]}}