{"id":7860,"date":"2025-07-03T10:01:22","date_gmt":"2025-07-03T10:01:22","guid":{"rendered":"https:\/\/rose.risca.pt\/?post_type=product&#038;p=7860"},"modified":"2025-08-29T12:01:09","modified_gmt":"2025-08-29T12:01:09","slug":"leaves-rose","status":"publish","type":"product","link":"https:\/\/mynameisrose.com\/en\/produto\/leaves-rose\/","title":{"rendered":"Leaves Rose"},"content":{"rendered":"<p>Inspirado na leveza das p\u00e9talas e folhas que se soltam ao vento. \u00c9 uma composi\u00e7\u00e3o et\u00e9rea onde a delicadeza dos tra\u00e7os se funde com o sil\u00eancio florido.<\/p>\n<p>Produzido em Portugal.<\/p>\n","protected":false},"excerpt":{"rendered":"<p>Inspirado na leveza das p\u00e9talas e folhas que se soltam ao vento. \u00c9 uma composi\u00e7\u00e3o et\u00e9rea onde a delicadeza dos tra\u00e7os se funde com o sil\u00eancio florido.<\/p>\n<p>Produzido em Portugal.<\/p>\n","protected":false},"featured_media":8265,"template":"","meta":{"_acf_changed":false,"inline_featured_image":false},"product_brand":[],"product_cat":[97],"product_tag":[],"class_list":{"0":"post-7860","1":"product","2":"type-product","3":"status-publish","4":"has-post-thumbnail","6":"product_cat-lencos-lencos","8":"first","9":"instock","10":"taxable","11":"shipping-taxable","12":"purchasable","13":"product-type-variable"},"acf":[],"_links":{"self":[{"href":"https:\/\/mynameisrose.com\/en\/wp-json\/wp\/v2\/product\/7860","targetHints":{"allow":["GET"]}}],"collection":[{"href":"https:\/\/mynameisrose.com\/en\/wp-json\/wp\/v2\/product"}],"about":[{"href":"https:\/\/mynameisrose.com\/en\/wp-json\/wp\/v2\/types\/product"}],"wp:featuredmedia":[{"embeddable":true,"href":"https:\/\/mynameisrose.com\/en\/wp-json\/wp\/v2\/media\/8265"}],"wp:attachment":[{"href":"https:\/\/mynameisrose.com\/en\/wp-json\/wp\/v2\/media?parent=7860"}],"wp:term":[{"taxonomy":"product_brand","embeddable":true,"href":"https:\/\/mynameisrose.com\/en\/wp-json\/wp\/v2\/product_brand?post=7860"},{"taxonomy":"product_cat","embeddable":true,"href":"https:\/\/mynameisrose.com\/en\/wp-json\/wp\/v2\/product_cat?post=7860"},{"taxonomy":"product_tag","embeddable":true,"href":"https:\/\/mynameisrose.com\/en\/wp-json\/wp\/v2\/product_tag?post=7860"}],"curies":[{"name":"wp","href":"https:\/\/api.w.org\/{rel}","templated":true}]}}