{"id":7866,"date":"2025-07-27T10:01:59","date_gmt":"2025-07-27T10:01:59","guid":{"rendered":"https:\/\/rose.risca.pt\/?post_type=product&#038;p=7866"},"modified":"2025-08-29T13:46:03","modified_gmt":"2025-08-29T13:46:03","slug":"little-rose-black-and-white","status":"publish","type":"product","link":"https:\/\/mynameisrose.com\/en\/produto\/little-rose-black-and-white\/","title":{"rendered":"Little Rose Black and White"},"content":{"rendered":"<p>Inspirado nas viagens, revela uma dan\u00e7a entre linhas precisas e rosas delicadamente tra\u00e7adas, evocando a suavidade, ritmo e uma eleg\u00e2ncia serena.<\/p>\n<p>Produzido em Portugal.<\/p>\n","protected":false},"excerpt":{"rendered":"<p>Inspirado nas viagens, revela uma dan\u00e7a entre linhas precisas e rosas delicadamente tra\u00e7adas, evocando a suavidade, ritmo e uma eleg\u00e2ncia serena.<\/p>\n<p>Produzido em Portugal.<\/p>\n","protected":false},"featured_media":8280,"template":"","meta":{"_acf_changed":false,"inline_featured_image":false},"product_brand":[],"product_cat":[97],"product_tag":[],"class_list":{"0":"post-7866","1":"product","2":"type-product","3":"status-publish","4":"has-post-thumbnail","6":"product_cat-lencos-lencos","8":"first","9":"instock","10":"taxable","11":"shipping-taxable","12":"purchasable","13":"product-type-variable"},"acf":[],"_links":{"self":[{"href":"https:\/\/mynameisrose.com\/en\/wp-json\/wp\/v2\/product\/7866","targetHints":{"allow":["GET"]}}],"collection":[{"href":"https:\/\/mynameisrose.com\/en\/wp-json\/wp\/v2\/product"}],"about":[{"href":"https:\/\/mynameisrose.com\/en\/wp-json\/wp\/v2\/types\/product"}],"wp:featuredmedia":[{"embeddable":true,"href":"https:\/\/mynameisrose.com\/en\/wp-json\/wp\/v2\/media\/8280"}],"wp:attachment":[{"href":"https:\/\/mynameisrose.com\/en\/wp-json\/wp\/v2\/media?parent=7866"}],"wp:term":[{"taxonomy":"product_brand","embeddable":true,"href":"https:\/\/mynameisrose.com\/en\/wp-json\/wp\/v2\/product_brand?post=7866"},{"taxonomy":"product_cat","embeddable":true,"href":"https:\/\/mynameisrose.com\/en\/wp-json\/wp\/v2\/product_cat?post=7866"},{"taxonomy":"product_tag","embeddable":true,"href":"https:\/\/mynameisrose.com\/en\/wp-json\/wp\/v2\/product_tag?post=7866"}],"curies":[{"name":"wp","href":"https:\/\/api.w.org\/{rel}","templated":true}]}}