{"id":7868,"date":"2025-07-27T10:02:23","date_gmt":"2025-07-27T10:02:23","guid":{"rendered":"https:\/\/rose.risca.pt\/?post_type=product&#038;p=7868"},"modified":"2025-08-29T13:46:11","modified_gmt":"2025-08-29T13:46:11","slug":"little-rose-mocca","status":"publish","type":"product","link":"https:\/\/mynameisrose.com\/en\/produto\/little-rose-mocca\/","title":{"rendered":"Little Rose Mocca"},"content":{"rendered":"<p>Inspirado na for\u00e7a e eleg\u00e2ncia das rosas, flores que simbolizam amor, beleza e coragem. O contraste entre o padr\u00e3o cl\u00e1ssico de bolinhas e a exuber\u00e2ncia das flores cria um equil\u00edbrio perfeito entre o rom\u00e2ntico e o audacioso.<\/p>\n<p>Produzido em Portugal.<\/p>\n","protected":false},"excerpt":{"rendered":"<p>Inspirado na for\u00e7a e eleg\u00e2ncia das rosas, flores que simbolizam amor, beleza e coragem. O contraste entre o padr\u00e3o cl\u00e1ssico de bolinhas e a exuber\u00e2ncia das flores cria um equil\u00edbrio perfeito entre o rom\u00e2ntico e o audacioso.<\/p>\n<p>Produzido em Portugal.<\/p>\n","protected":false},"featured_media":8297,"template":"","meta":{"_acf_changed":false,"inline_featured_image":false},"product_brand":[],"product_cat":[97],"product_tag":[],"class_list":{"0":"post-7868","1":"product","2":"type-product","3":"status-publish","4":"has-post-thumbnail","6":"product_cat-lencos-lencos","8":"first","9":"instock","10":"taxable","11":"shipping-taxable","12":"purchasable","13":"product-type-variable"},"acf":[],"_links":{"self":[{"href":"https:\/\/mynameisrose.com\/en\/wp-json\/wp\/v2\/product\/7868","targetHints":{"allow":["GET"]}}],"collection":[{"href":"https:\/\/mynameisrose.com\/en\/wp-json\/wp\/v2\/product"}],"about":[{"href":"https:\/\/mynameisrose.com\/en\/wp-json\/wp\/v2\/types\/product"}],"wp:featuredmedia":[{"embeddable":true,"href":"https:\/\/mynameisrose.com\/en\/wp-json\/wp\/v2\/media\/8297"}],"wp:attachment":[{"href":"https:\/\/mynameisrose.com\/en\/wp-json\/wp\/v2\/media?parent=7868"}],"wp:term":[{"taxonomy":"product_brand","embeddable":true,"href":"https:\/\/mynameisrose.com\/en\/wp-json\/wp\/v2\/product_brand?post=7868"},{"taxonomy":"product_cat","embeddable":true,"href":"https:\/\/mynameisrose.com\/en\/wp-json\/wp\/v2\/product_cat?post=7868"},{"taxonomy":"product_tag","embeddable":true,"href":"https:\/\/mynameisrose.com\/en\/wp-json\/wp\/v2\/product_tag?post=7868"}],"curies":[{"name":"wp","href":"https:\/\/api.w.org\/{rel}","templated":true}]}}