{"id":7882,"date":"2025-07-27T10:00:17","date_gmt":"2025-07-27T10:00:17","guid":{"rendered":"https:\/\/rose.risca.pt\/?post_type=product&#038;p=7882"},"modified":"2025-08-29T13:45:33","modified_gmt":"2025-08-29T13:45:33","slug":"noir","status":"publish","type":"product","link":"https:\/\/mynameisrose.com\/en\/produto\/noir\/","title":{"rendered":"Noir"},"content":{"rendered":"<p>Noir \u00e9 um exerc\u00edcio de simplicidade e contraste, onde o preto sobre o tom nude transforma o gesto da flor num \u00edcone gr\u00e1fico.<\/p>\n<p>Produzido em Portugal.<\/p>\n","protected":false},"excerpt":{"rendered":"<p>Noir \u00e9 um exerc\u00edcio de simplicidade e contraste, onde o preto sobre o tom nude transforma o gesto da flor num \u00edcone gr\u00e1fico.<\/p>\n<p>Produzido em Portugal.<\/p>\n","protected":false},"featured_media":8330,"template":"","meta":{"_acf_changed":false,"inline_featured_image":false},"product_brand":[],"product_cat":[97],"product_tag":[],"class_list":{"0":"post-7882","1":"product","2":"type-product","3":"status-publish","4":"has-post-thumbnail","6":"product_cat-lencos-lencos","8":"first","9":"instock","10":"taxable","11":"shipping-taxable","12":"purchasable","13":"product-type-variable"},"acf":[],"_links":{"self":[{"href":"https:\/\/mynameisrose.com\/en\/wp-json\/wp\/v2\/product\/7882","targetHints":{"allow":["GET"]}}],"collection":[{"href":"https:\/\/mynameisrose.com\/en\/wp-json\/wp\/v2\/product"}],"about":[{"href":"https:\/\/mynameisrose.com\/en\/wp-json\/wp\/v2\/types\/product"}],"wp:featuredmedia":[{"embeddable":true,"href":"https:\/\/mynameisrose.com\/en\/wp-json\/wp\/v2\/media\/8330"}],"wp:attachment":[{"href":"https:\/\/mynameisrose.com\/en\/wp-json\/wp\/v2\/media?parent=7882"}],"wp:term":[{"taxonomy":"product_brand","embeddable":true,"href":"https:\/\/mynameisrose.com\/en\/wp-json\/wp\/v2\/product_brand?post=7882"},{"taxonomy":"product_cat","embeddable":true,"href":"https:\/\/mynameisrose.com\/en\/wp-json\/wp\/v2\/product_cat?post=7882"},{"taxonomy":"product_tag","embeddable":true,"href":"https:\/\/mynameisrose.com\/en\/wp-json\/wp\/v2\/product_tag?post=7882"}],"curies":[{"name":"wp","href":"https:\/\/api.w.org\/{rel}","templated":true}]}}