{"id":7906,"date":"2025-07-17T11:02:46","date_gmt":"2025-07-17T11:02:46","guid":{"rendered":"https:\/\/rose.risca.pt\/?post_type=product&#038;p=7906"},"modified":"2025-08-29T11:33:31","modified_gmt":"2025-08-29T11:33:31","slug":"skinny-scarf-black","status":"publish","type":"product","link":"https:\/\/mynameisrose.com\/en\/produto\/skinny-scarf-black\/","title":{"rendered":"Skinny Scarf Black"},"content":{"rendered":"<p>Delicado e vers\u00e1til, une o romantismo das rosas ao charme intemporal do padr\u00e3o. Ideal para usar ao pesco\u00e7o, no cabelo ou na al\u00e7a da mala \u2014 \u00e9 um toque de sofistica\u00e7\u00e3o com assinatura floral e personalidade.<\/p>\n<p>Produzido em Portugal.<\/p>\n","protected":false},"excerpt":{"rendered":"<p>Delicado e vers\u00e1til, une o romantismo das rosas ao charme intemporal do padr\u00e3o. Ideal para usar ao pesco\u00e7o, no cabelo ou na al\u00e7a da mala \u2014 \u00e9 um toque de sofistica\u00e7\u00e3o com assinatura floral e personalidade.<\/p>\n<p>Produzido em Portugal.<\/p>\n","protected":false},"featured_media":8378,"template":"","meta":{"_acf_changed":false,"inline_featured_image":false},"product_brand":[],"product_cat":[97],"product_tag":[],"class_list":{"0":"post-7906","1":"product","2":"type-product","3":"status-publish","4":"has-post-thumbnail","6":"product_cat-lencos-lencos","8":"first","9":"instock","10":"taxable","11":"shipping-taxable","12":"purchasable","13":"product-type-variable"},"acf":[],"_links":{"self":[{"href":"https:\/\/mynameisrose.com\/en\/wp-json\/wp\/v2\/product\/7906","targetHints":{"allow":["GET"]}}],"collection":[{"href":"https:\/\/mynameisrose.com\/en\/wp-json\/wp\/v2\/product"}],"about":[{"href":"https:\/\/mynameisrose.com\/en\/wp-json\/wp\/v2\/types\/product"}],"wp:featuredmedia":[{"embeddable":true,"href":"https:\/\/mynameisrose.com\/en\/wp-json\/wp\/v2\/media\/8378"}],"wp:attachment":[{"href":"https:\/\/mynameisrose.com\/en\/wp-json\/wp\/v2\/media?parent=7906"}],"wp:term":[{"taxonomy":"product_brand","embeddable":true,"href":"https:\/\/mynameisrose.com\/en\/wp-json\/wp\/v2\/product_brand?post=7906"},{"taxonomy":"product_cat","embeddable":true,"href":"https:\/\/mynameisrose.com\/en\/wp-json\/wp\/v2\/product_cat?post=7906"},{"taxonomy":"product_tag","embeddable":true,"href":"https:\/\/mynameisrose.com\/en\/wp-json\/wp\/v2\/product_tag?post=7906"}],"curies":[{"name":"wp","href":"https:\/\/api.w.org\/{rel}","templated":true}]}}