{"id":7931,"date":"2025-07-23T10:00:20","date_gmt":"2025-07-23T10:00:20","guid":{"rendered":"https:\/\/rose.risca.pt\/?post_type=product&#038;p=7931"},"modified":"2025-08-29T11:57:38","modified_gmt":"2025-08-29T11:57:38","slug":"wild-elegance","status":"publish","type":"product","link":"https:\/\/mynameisrose.com\/en\/produto\/wild-elegance\/","title":{"rendered":"Wild Elegance"},"content":{"rendered":"<p>A fus\u00e3o perfeita entre delicadeza e aud\u00e1cia. Um len\u00e7o para quem vive entre a eleg\u00e2ncia cl\u00e1ssica e o instinto selvagem.<\/p>\n<p>Produzido em Portugal.<\/p>\n","protected":false},"excerpt":{"rendered":"<p>A fus\u00e3o perfeita entre delicadeza e aud\u00e1cia. Um len\u00e7o para quem vive entre a eleg\u00e2ncia cl\u00e1ssica e o instinto selvagem.<\/p>\n<p>Produzido em Portugal.<\/p>\n","protected":false},"featured_media":8434,"template":"","meta":{"_acf_changed":false,"inline_featured_image":false},"product_brand":[],"product_cat":[97],"product_tag":[],"class_list":{"0":"post-7931","1":"product","2":"type-product","3":"status-publish","4":"has-post-thumbnail","6":"product_cat-lencos-lencos","8":"first","9":"instock","10":"taxable","11":"shipping-taxable","12":"purchasable","13":"product-type-variable"},"acf":[],"_links":{"self":[{"href":"https:\/\/mynameisrose.com\/en\/wp-json\/wp\/v2\/product\/7931","targetHints":{"allow":["GET"]}}],"collection":[{"href":"https:\/\/mynameisrose.com\/en\/wp-json\/wp\/v2\/product"}],"about":[{"href":"https:\/\/mynameisrose.com\/en\/wp-json\/wp\/v2\/types\/product"}],"wp:featuredmedia":[{"embeddable":true,"href":"https:\/\/mynameisrose.com\/en\/wp-json\/wp\/v2\/media\/8434"}],"wp:attachment":[{"href":"https:\/\/mynameisrose.com\/en\/wp-json\/wp\/v2\/media?parent=7931"}],"wp:term":[{"taxonomy":"product_brand","embeddable":true,"href":"https:\/\/mynameisrose.com\/en\/wp-json\/wp\/v2\/product_brand?post=7931"},{"taxonomy":"product_cat","embeddable":true,"href":"https:\/\/mynameisrose.com\/en\/wp-json\/wp\/v2\/product_cat?post=7931"},{"taxonomy":"product_tag","embeddable":true,"href":"https:\/\/mynameisrose.com\/en\/wp-json\/wp\/v2\/product_tag?post=7931"}],"curies":[{"name":"wp","href":"https:\/\/api.w.org\/{rel}","templated":true}]}}