{"id":7936,"date":"2025-07-26T11:19:54","date_gmt":"2025-07-26T11:19:54","guid":{"rendered":"https:\/\/rose.risca.pt\/?post_type=product&#038;p=7936"},"modified":"2025-08-29T11:36:36","modified_gmt":"2025-08-29T11:36:36","slug":"zebra","status":"publish","type":"product","link":"https:\/\/mynameisrose.com\/en\/produto\/zebra\/","title":{"rendered":"Zebra"},"content":{"rendered":"<p>Inspirado nas listras da zebra, s\u00edmbolo de equil\u00edbrio e singularidade na natureza. O contraste entre o preto, o cru e o vermelho profundo confere-lhe um ritmo gr\u00e1fico marcado e uma eleg\u00e2ncia instintiva.<\/p>\n<p>Produzido em Portugal.<\/p>\n","protected":false},"excerpt":{"rendered":"<p>Inspirado nas listras da zebra, s\u00edmbolo de equil\u00edbrio e singularidade na natureza. O contraste entre o preto, o cru e o vermelho profundo confere-lhe um ritmo gr\u00e1fico marcado e uma eleg\u00e2ncia instintiva.<\/p>\n<p>Produzido em Portugal.<\/p>\n","protected":false},"featured_media":8448,"template":"","meta":{"_acf_changed":false,"inline_featured_image":false},"product_brand":[],"product_cat":[97],"product_tag":[],"class_list":{"0":"post-7936","1":"product","2":"type-product","3":"status-publish","4":"has-post-thumbnail","6":"product_cat-lencos-lencos","8":"first","9":"instock","10":"taxable","11":"shipping-taxable","12":"purchasable","13":"product-type-variable"},"acf":[],"_links":{"self":[{"href":"https:\/\/mynameisrose.com\/en\/wp-json\/wp\/v2\/product\/7936","targetHints":{"allow":["GET"]}}],"collection":[{"href":"https:\/\/mynameisrose.com\/en\/wp-json\/wp\/v2\/product"}],"about":[{"href":"https:\/\/mynameisrose.com\/en\/wp-json\/wp\/v2\/types\/product"}],"wp:featuredmedia":[{"embeddable":true,"href":"https:\/\/mynameisrose.com\/en\/wp-json\/wp\/v2\/media\/8448"}],"wp:attachment":[{"href":"https:\/\/mynameisrose.com\/en\/wp-json\/wp\/v2\/media?parent=7936"}],"wp:term":[{"taxonomy":"product_brand","embeddable":true,"href":"https:\/\/mynameisrose.com\/en\/wp-json\/wp\/v2\/product_brand?post=7936"},{"taxonomy":"product_cat","embeddable":true,"href":"https:\/\/mynameisrose.com\/en\/wp-json\/wp\/v2\/product_cat?post=7936"},{"taxonomy":"product_tag","embeddable":true,"href":"https:\/\/mynameisrose.com\/en\/wp-json\/wp\/v2\/product_tag?post=7936"}],"curies":[{"name":"wp","href":"https:\/\/api.w.org\/{rel}","templated":true}]}}