{"id":7940,"date":"2025-07-15T10:01:34","date_gmt":"2025-07-15T10:01:34","guid":{"rendered":"https:\/\/rose.risca.pt\/?post_type=product&#038;p=7940"},"modified":"2025-08-29T13:48:26","modified_gmt":"2025-08-29T13:48:26","slug":"rouge","status":"publish","type":"product","link":"https:\/\/mynameisrose.com\/en\/produto\/rouge\/","title":{"rendered":"Rouge"},"content":{"rendered":"<p>Inspirada na intensidade das rosas vermelhas, s\u00edmbolo universal de paix\u00e3o e for\u00e7a. Rouge \u00e9 uma fita de cor vibrante e presen\u00e7a marcante, pensada para quem gosta de detalhes simples, mas cheios de personalidade.<\/p>\n<p>Produzido em Portugal.<\/p>\n","protected":false},"excerpt":{"rendered":"<p>Inspirada na intensidade das rosas vermelhas, s\u00edmbolo universal de paix\u00e3o e for\u00e7a. Rouge \u00e9 uma fita de cor vibrante e presen\u00e7a marcante, pensada para quem gosta de detalhes simples, mas cheios de personalidade.<\/p>\n<p>Produzido em Portugal.<\/p>\n","protected":false},"featured_media":8350,"template":"","meta":{"_acf_changed":false,"inline_featured_image":false},"product_brand":[],"product_cat":[97],"product_tag":[],"class_list":{"0":"post-7940","1":"product","2":"type-product","3":"status-publish","4":"has-post-thumbnail","6":"product_cat-lencos-lencos","8":"first","9":"instock","10":"taxable","11":"shipping-taxable","12":"purchasable","13":"product-type-variable"},"acf":[],"_links":{"self":[{"href":"https:\/\/mynameisrose.com\/en\/wp-json\/wp\/v2\/product\/7940","targetHints":{"allow":["GET"]}}],"collection":[{"href":"https:\/\/mynameisrose.com\/en\/wp-json\/wp\/v2\/product"}],"about":[{"href":"https:\/\/mynameisrose.com\/en\/wp-json\/wp\/v2\/types\/product"}],"wp:featuredmedia":[{"embeddable":true,"href":"https:\/\/mynameisrose.com\/en\/wp-json\/wp\/v2\/media\/8350"}],"wp:attachment":[{"href":"https:\/\/mynameisrose.com\/en\/wp-json\/wp\/v2\/media?parent=7940"}],"wp:term":[{"taxonomy":"product_brand","embeddable":true,"href":"https:\/\/mynameisrose.com\/en\/wp-json\/wp\/v2\/product_brand?post=7940"},{"taxonomy":"product_cat","embeddable":true,"href":"https:\/\/mynameisrose.com\/en\/wp-json\/wp\/v2\/product_cat?post=7940"},{"taxonomy":"product_tag","embeddable":true,"href":"https:\/\/mynameisrose.com\/en\/wp-json\/wp\/v2\/product_tag?post=7940"}],"curies":[{"name":"wp","href":"https:\/\/api.w.org\/{rel}","templated":true}]}}