{"id":7947,"date":"2025-07-27T10:03:16","date_gmt":"2025-07-27T10:03:16","guid":{"rendered":"https:\/\/rose.risca.pt\/?post_type=product&#038;p=7947"},"modified":"2025-08-29T13:46:27","modified_gmt":"2025-08-29T13:46:27","slug":"little-rose-bourdeaux","status":"publish","type":"product","link":"https:\/\/mynameisrose.com\/en\/produto\/little-rose-bourdeaux\/","title":{"rendered":"Little Rose Bourdeaux"},"content":{"rendered":"<p>Inspirada na eleg\u00e2ncia cl\u00e1ssica, \u00e9 um equil\u00edbrio entre estrutura e romance, ideal para quem aprecia detalhes com alma.<\/p>\n<p>Produzido em Portugal.<\/p>\n","protected":false},"excerpt":{"rendered":"<p>Inspirada na eleg\u00e2ncia cl\u00e1ssica, \u00e9 um equil\u00edbrio entre estrutura e romance, ideal para quem aprecia detalhes com alma.<\/p>\n<p>Produzido em Portugal.<\/p>\n","protected":false},"featured_media":8289,"template":"","meta":{"_acf_changed":false,"inline_featured_image":false},"product_brand":[],"product_cat":[97],"product_tag":[],"class_list":{"0":"post-7947","1":"product","2":"type-product","3":"status-publish","4":"has-post-thumbnail","6":"product_cat-lencos-lencos","8":"first","9":"instock","10":"taxable","11":"shipping-taxable","12":"purchasable","13":"product-type-variable"},"acf":[],"_links":{"self":[{"href":"https:\/\/mynameisrose.com\/en\/wp-json\/wp\/v2\/product\/7947","targetHints":{"allow":["GET"]}}],"collection":[{"href":"https:\/\/mynameisrose.com\/en\/wp-json\/wp\/v2\/product"}],"about":[{"href":"https:\/\/mynameisrose.com\/en\/wp-json\/wp\/v2\/types\/product"}],"wp:featuredmedia":[{"embeddable":true,"href":"https:\/\/mynameisrose.com\/en\/wp-json\/wp\/v2\/media\/8289"}],"wp:attachment":[{"href":"https:\/\/mynameisrose.com\/en\/wp-json\/wp\/v2\/media?parent=7947"}],"wp:term":[{"taxonomy":"product_brand","embeddable":true,"href":"https:\/\/mynameisrose.com\/en\/wp-json\/wp\/v2\/product_brand?post=7947"},{"taxonomy":"product_cat","embeddable":true,"href":"https:\/\/mynameisrose.com\/en\/wp-json\/wp\/v2\/product_cat?post=7947"},{"taxonomy":"product_tag","embeddable":true,"href":"https:\/\/mynameisrose.com\/en\/wp-json\/wp\/v2\/product_tag?post=7947"}],"curies":[{"name":"wp","href":"https:\/\/api.w.org\/{rel}","templated":true}]}}